{"id":1562,"date":"2025-07-10T13:15:42","date_gmt":"2025-07-10T13:15:42","guid":{"rendered":"https:\/\/wineporter.pt\/edds-chardonnay-21\/"},"modified":"2026-01-22T12:42:00","modified_gmt":"2026-01-22T12:42:00","slug":"edds-chardonnay-21","status":"publish","type":"product","link":"https:\/\/wineporter.pt\/pt\/product\/edds-chardonnay-21\/","title":{"rendered":"Edds Reserva Chardonnay 21"},"content":{"rendered":"","protected":false},"excerpt":{"rendered":"<p>Um 100% Chardonnay do ano de\u00a0 2021 com cor amarela palha, aroma e notas de mel\u00e3o nuances de lim\u00e3o com sabor cremoso e frescura de fruta fresca.<br \/>Foi colhido manualmente e fermentado por leveduras ind\u00edgenas 30 dias de est\u00e1gio e 12 meses em barrica de carvalho franc\u00eas. Uma escolha muito gastron\u00f3mica.\u00a0<\/p>","protected":false},"featured_media":1601,"comment_status":"open","ping_status":"closed","template":"","meta":{"_acf_changed":false},"grape-variety":[122],"wine-region":[65],"product_brand":[],"product_cat":[54],"product_tag":[],"class_list":{"0":"post-1562","1":"product","2":"type-product","3":"status-publish","4":"has-post-thumbnail","6":"grape-variety-outras-castas-tradicionais","7":"wine-region-algarve","8":"product_cat-white-wine","10":"first","11":"instock","12":"sale","13":"taxable","14":"shipping-taxable","15":"purchasable","16":"product-type-simple"},"acf":[],"_links":{"self":[{"href":"https:\/\/wineporter.pt\/pt\/wp-json\/wp\/v2\/product\/1562","targetHints":{"allow":["GET"]}}],"collection":[{"href":"https:\/\/wineporter.pt\/pt\/wp-json\/wp\/v2\/product"}],"about":[{"href":"https:\/\/wineporter.pt\/pt\/wp-json\/wp\/v2\/types\/product"}],"replies":[{"embeddable":true,"href":"https:\/\/wineporter.pt\/pt\/wp-json\/wp\/v2\/comments?post=1562"}],"wp:featuredmedia":[{"embeddable":true,"href":"https:\/\/wineporter.pt\/pt\/wp-json\/wp\/v2\/media\/1601"}],"wp:attachment":[{"href":"https:\/\/wineporter.pt\/pt\/wp-json\/wp\/v2\/media?parent=1562"}],"wp:term":[{"taxonomy":"grape-variety","embeddable":true,"href":"https:\/\/wineporter.pt\/pt\/wp-json\/wp\/v2\/grape-variety?post=1562"},{"taxonomy":"wine-region","embeddable":true,"href":"https:\/\/wineporter.pt\/pt\/wp-json\/wp\/v2\/wine-region?post=1562"},{"taxonomy":"product_brand","embeddable":true,"href":"https:\/\/wineporter.pt\/pt\/wp-json\/wp\/v2\/product_brand?post=1562"},{"taxonomy":"product_cat","embeddable":true,"href":"https:\/\/wineporter.pt\/pt\/wp-json\/wp\/v2\/product_cat?post=1562"},{"taxonomy":"product_tag","embeddable":true,"href":"https:\/\/wineporter.pt\/pt\/wp-json\/wp\/v2\/product_tag?post=1562"}],"curies":[{"name":"wp","href":"https:\/\/api.w.org\/{rel}","templated":true}]}}