{"id":1560,"date":"2025-07-10T13:15:42","date_gmt":"2025-07-10T13:15:42","guid":{"rendered":"https:\/\/wineporter.pt\/edds-reserva-chardonnay-2018\/"},"modified":"2026-01-21T10:44:58","modified_gmt":"2026-01-21T10:44:58","slug":"edds-reserva-chardonnay-2018","status":"publish","type":"product","link":"https:\/\/wineporter.pt\/pt\/product\/edds-reserva-chardonnay-2018\/","title":{"rendered":"Edds Chardonnay Private Collection 18"},"content":{"rendered":"","protected":false},"excerpt":{"rendered":"<p>Com uva 100% Chardonnay, este colec\u00e7\u00e3o privada de 2018 foi o nosso primeiro private collection com aromas c\u00edtricos a p\u00eara e caramelo tostado,\u00a0 tem um sabor fresco e um final de boca cremoso,\u00a0 madeira bem vincada, e notas de evolu\u00e7\u00e3o bem integradas, bastante gastron\u00f3mico.<\/p>\n<p>Colhido manualmente e com est\u00e1gio em barrica de carvalho franc\u00eas durante 10 meses.<\/p>","protected":false},"featured_media":1626,"comment_status":"open","ping_status":"closed","template":"","meta":{"_acf_changed":false},"grape-variety":[122],"wine-region":[65],"product_brand":[],"product_cat":[54],"product_tag":[],"class_list":{"0":"post-1560","1":"product","2":"type-product","3":"status-publish","4":"has-post-thumbnail","6":"grape-variety-outras-castas-tradicionais","7":"wine-region-algarve","8":"product_cat-white-wine","10":"first","11":"instock","12":"sale","13":"taxable","14":"shipping-taxable","15":"purchasable","16":"product-type-simple"},"acf":[],"_links":{"self":[{"href":"https:\/\/wineporter.pt\/pt\/wp-json\/wp\/v2\/product\/1560","targetHints":{"allow":["GET"]}}],"collection":[{"href":"https:\/\/wineporter.pt\/pt\/wp-json\/wp\/v2\/product"}],"about":[{"href":"https:\/\/wineporter.pt\/pt\/wp-json\/wp\/v2\/types\/product"}],"replies":[{"embeddable":true,"href":"https:\/\/wineporter.pt\/pt\/wp-json\/wp\/v2\/comments?post=1560"}],"wp:featuredmedia":[{"embeddable":true,"href":"https:\/\/wineporter.pt\/pt\/wp-json\/wp\/v2\/media\/1626"}],"wp:attachment":[{"href":"https:\/\/wineporter.pt\/pt\/wp-json\/wp\/v2\/media?parent=1560"}],"wp:term":[{"taxonomy":"grape-variety","embeddable":true,"href":"https:\/\/wineporter.pt\/pt\/wp-json\/wp\/v2\/grape-variety?post=1560"},{"taxonomy":"wine-region","embeddable":true,"href":"https:\/\/wineporter.pt\/pt\/wp-json\/wp\/v2\/wine-region?post=1560"},{"taxonomy":"product_brand","embeddable":true,"href":"https:\/\/wineporter.pt\/pt\/wp-json\/wp\/v2\/product_brand?post=1560"},{"taxonomy":"product_cat","embeddable":true,"href":"https:\/\/wineporter.pt\/pt\/wp-json\/wp\/v2\/product_cat?post=1560"},{"taxonomy":"product_tag","embeddable":true,"href":"https:\/\/wineporter.pt\/pt\/wp-json\/wp\/v2\/product_tag?post=1560"}],"curies":[{"name":"wp","href":"https:\/\/api.w.org\/{rel}","templated":true}]}}