{"id":1555,"date":"2025-07-10T13:15:40","date_gmt":"2025-07-10T13:15:40","guid":{"rendered":"https:\/\/wineporter.pt\/edds-rose-22-blend-tn-syrah\/"},"modified":"2026-01-21T17:11:39","modified_gmt":"2026-01-21T17:11:39","slug":"edds-rose-22-blend-tn-syrah","status":"publish","type":"product","link":"https:\/\/wineporter.pt\/pt\/product\/edds-rose-22-blend-tn-syrah\/","title":{"rendered":"Edds Ros\u00e9 22 Blend TN Syrah"},"content":{"rendered":"","protected":false},"excerpt":{"rendered":"<p>Ros\u00e9 das castas Touriga Nacional e Syrah com cor rosa evidenciando um ros\u00e9 cl\u00e1ssico, nuances de salm\u00e3o, aroma de frutos vermelhos e flores brancas de sabor suave a fruta fresca.<br \/>Colhido manualmente, fermentado por leveduras ind\u00edgenas 30 dias.<\/p>","protected":false},"featured_media":1630,"comment_status":"open","ping_status":"closed","template":"","meta":{"_acf_changed":false},"grape-variety":[161,92],"wine-region":[65],"product_brand":[],"product_cat":[68],"product_tag":[],"class_list":{"0":"post-1555","1":"product","2":"type-product","3":"status-publish","4":"has-post-thumbnail","6":"grape-variety-syrah","7":"grape-variety-touriga-nacional","8":"wine-region-algarve","9":"product_cat-rose-wine","11":"first","12":"instock","13":"sale","14":"taxable","15":"shipping-taxable","16":"purchasable","17":"product-type-simple"},"acf":[],"_links":{"self":[{"href":"https:\/\/wineporter.pt\/pt\/wp-json\/wp\/v2\/product\/1555","targetHints":{"allow":["GET"]}}],"collection":[{"href":"https:\/\/wineporter.pt\/pt\/wp-json\/wp\/v2\/product"}],"about":[{"href":"https:\/\/wineporter.pt\/pt\/wp-json\/wp\/v2\/types\/product"}],"replies":[{"embeddable":true,"href":"https:\/\/wineporter.pt\/pt\/wp-json\/wp\/v2\/comments?post=1555"}],"wp:featuredmedia":[{"embeddable":true,"href":"https:\/\/wineporter.pt\/pt\/wp-json\/wp\/v2\/media\/1630"}],"wp:attachment":[{"href":"https:\/\/wineporter.pt\/pt\/wp-json\/wp\/v2\/media?parent=1555"}],"wp:term":[{"taxonomy":"grape-variety","embeddable":true,"href":"https:\/\/wineporter.pt\/pt\/wp-json\/wp\/v2\/grape-variety?post=1555"},{"taxonomy":"wine-region","embeddable":true,"href":"https:\/\/wineporter.pt\/pt\/wp-json\/wp\/v2\/wine-region?post=1555"},{"taxonomy":"product_brand","embeddable":true,"href":"https:\/\/wineporter.pt\/pt\/wp-json\/wp\/v2\/product_brand?post=1555"},{"taxonomy":"product_cat","embeddable":true,"href":"https:\/\/wineporter.pt\/pt\/wp-json\/wp\/v2\/product_cat?post=1555"},{"taxonomy":"product_tag","embeddable":true,"href":"https:\/\/wineporter.pt\/pt\/wp-json\/wp\/v2\/product_tag?post=1555"}],"curies":[{"name":"wp","href":"https:\/\/api.w.org\/{rel}","templated":true}]}}