{"id":1553,"date":"2025-07-10T13:15:40","date_gmt":"2025-07-10T13:15:40","guid":{"rendered":"https:\/\/wineporter.pt\/edds-branco-chardonnay-2023\/"},"modified":"2026-04-01T14:30:17","modified_gmt":"2026-04-01T14:30:17","slug":"edds-branco-chardonnay-2023","status":"publish","type":"product","link":"https:\/\/wineporter.pt\/pt\/product\/edds-branco-chardonnay-2023\/","title":{"rendered":"Edds Branco Chardonnay 2023"},"content":{"rendered":"","protected":false},"excerpt":{"rendered":"<p class=\"MsoNormal\" style=\"text-align: justify;line-height: normal\" data-mce-style=\"text-align: justify; line-height: normal;\">Apresenta <b>cor amarela brilhante<\/b>,<br \/>revelando desde o primeiro olhar a sua juventude e pureza. No <b>nariz<br \/>destaca-se a meloa fresca<\/b>, acompanhada por <b>nuances de ma\u00e7\u00e3 verde e<br \/>ameixa branca<\/b>, criando um perfil arom\u00e1tico <b>limpo e vibrante<\/b>. Surgem<br \/>ainda delicadas notas de carvalho franc\u00eas, resultado dos <b>9 meses de est\u00e1gio<\/b><br \/>em barrica usada, que conferem complexidade sem sobrepor a fruta.<\/p>\n<p class=\"MsoNormal\" style=\"text-align: justify;line-height: normal\" data-mce-style=\"text-align: justify; line-height: normal;\">Na boca mostra-se <b>fresco, equilibrado<br \/>e gastron\u00f3mico<\/b>, com uma <b>acidez bem integrada<\/b> que prolonga o final e<br \/>convida ao pr\u00f3ximo gole. A colheita manual e a express\u00e3o do solo franco\u2011arenoso<br \/>traduzem-se numa textura elegante e num car\u00e1cter aut\u00eantico, fiel \u00e0 origem.<\/p>","protected":false},"featured_media":1622,"comment_status":"open","ping_status":"closed","template":"","meta":{"_acf_changed":false},"grape-variety":[122],"wine-region":[65],"product_brand":[],"product_cat":[54],"product_tag":[],"class_list":{"0":"post-1553","1":"product","2":"type-product","3":"status-publish","4":"has-post-thumbnail","6":"grape-variety-outras-castas-tradicionais","7":"wine-region-algarve","8":"product_cat-white-wine","10":"first","11":"instock","12":"taxable","13":"shipping-taxable","14":"purchasable","15":"product-type-simple"},"acf":[],"_links":{"self":[{"href":"https:\/\/wineporter.pt\/pt\/wp-json\/wp\/v2\/product\/1553","targetHints":{"allow":["GET"]}}],"collection":[{"href":"https:\/\/wineporter.pt\/pt\/wp-json\/wp\/v2\/product"}],"about":[{"href":"https:\/\/wineporter.pt\/pt\/wp-json\/wp\/v2\/types\/product"}],"replies":[{"embeddable":true,"href":"https:\/\/wineporter.pt\/pt\/wp-json\/wp\/v2\/comments?post=1553"}],"wp:featuredmedia":[{"embeddable":true,"href":"https:\/\/wineporter.pt\/pt\/wp-json\/wp\/v2\/media\/1622"}],"wp:attachment":[{"href":"https:\/\/wineporter.pt\/pt\/wp-json\/wp\/v2\/media?parent=1553"}],"wp:term":[{"taxonomy":"grape-variety","embeddable":true,"href":"https:\/\/wineporter.pt\/pt\/wp-json\/wp\/v2\/grape-variety?post=1553"},{"taxonomy":"wine-region","embeddable":true,"href":"https:\/\/wineporter.pt\/pt\/wp-json\/wp\/v2\/wine-region?post=1553"},{"taxonomy":"product_brand","embeddable":true,"href":"https:\/\/wineporter.pt\/pt\/wp-json\/wp\/v2\/product_brand?post=1553"},{"taxonomy":"product_cat","embeddable":true,"href":"https:\/\/wineporter.pt\/pt\/wp-json\/wp\/v2\/product_cat?post=1553"},{"taxonomy":"product_tag","embeddable":true,"href":"https:\/\/wineporter.pt\/pt\/wp-json\/wp\/v2\/product_tag?post=1553"}],"curies":[{"name":"wp","href":"https:\/\/api.w.org\/{rel}","templated":true}]}}