{"id":1551,"date":"2025-07-10T13:15:40","date_gmt":"2025-07-10T13:15:40","guid":{"rendered":"https:\/\/wineporter.pt\/edds-branco-arinto-2021\/"},"modified":"2026-01-22T12:28:16","modified_gmt":"2026-01-22T12:28:16","slug":"edds-branco-arinto-2021","status":"publish","type":"product","link":"https:\/\/wineporter.pt\/pt\/product\/edds-branco-arinto-2021\/","title":{"rendered":"Edds Branco Arinto 2021"},"content":{"rendered":"","protected":false},"excerpt":{"rendered":"<p>Um 100%\u00a0 Casta Arinto, apresenta uma cor amarelo p\u00e1lido e cristalino, aroma c\u00edtrico e fresco com final de boca longo, com notas de evolu\u00e7\u00e3o, sendo este um vinho bastante gastron\u00f3mico para apreciadores.<br \/>Foi colhido manualmente, e fermentado por leveduras ind\u00edgenas durante 30 dias.<\/p>","protected":false},"featured_media":1595,"comment_status":"open","ping_status":"closed","template":"","meta":{"_acf_changed":false},"grape-variety":[53],"wine-region":[65],"product_brand":[],"product_cat":[54],"product_tag":[],"class_list":{"0":"post-1551","1":"product","2":"type-product","3":"status-publish","4":"has-post-thumbnail","6":"grape-variety-arinto","7":"wine-region-algarve","8":"product_cat-white-wine","10":"first","11":"instock","12":"sale","13":"taxable","14":"shipping-taxable","15":"purchasable","16":"product-type-simple"},"acf":[],"_links":{"self":[{"href":"https:\/\/wineporter.pt\/pt\/wp-json\/wp\/v2\/product\/1551","targetHints":{"allow":["GET"]}}],"collection":[{"href":"https:\/\/wineporter.pt\/pt\/wp-json\/wp\/v2\/product"}],"about":[{"href":"https:\/\/wineporter.pt\/pt\/wp-json\/wp\/v2\/types\/product"}],"replies":[{"embeddable":true,"href":"https:\/\/wineporter.pt\/pt\/wp-json\/wp\/v2\/comments?post=1551"}],"wp:featuredmedia":[{"embeddable":true,"href":"https:\/\/wineporter.pt\/pt\/wp-json\/wp\/v2\/media\/1595"}],"wp:attachment":[{"href":"https:\/\/wineporter.pt\/pt\/wp-json\/wp\/v2\/media?parent=1551"}],"wp:term":[{"taxonomy":"grape-variety","embeddable":true,"href":"https:\/\/wineporter.pt\/pt\/wp-json\/wp\/v2\/grape-variety?post=1551"},{"taxonomy":"wine-region","embeddable":true,"href":"https:\/\/wineporter.pt\/pt\/wp-json\/wp\/v2\/wine-region?post=1551"},{"taxonomy":"product_brand","embeddable":true,"href":"https:\/\/wineporter.pt\/pt\/wp-json\/wp\/v2\/product_brand?post=1551"},{"taxonomy":"product_cat","embeddable":true,"href":"https:\/\/wineporter.pt\/pt\/wp-json\/wp\/v2\/product_cat?post=1551"},{"taxonomy":"product_tag","embeddable":true,"href":"https:\/\/wineporter.pt\/pt\/wp-json\/wp\/v2\/product_tag?post=1551"}],"curies":[{"name":"wp","href":"https:\/\/api.w.org\/{rel}","templated":true}]}}