{"id":1550,"date":"2025-07-10T13:15:39","date_gmt":"2025-07-10T13:15:39","guid":{"rendered":"https:\/\/wineporter.pt\/edds-reserva-tinto-2017\/"},"modified":"2026-01-21T10:49:59","modified_gmt":"2026-01-21T10:49:59","slug":"edds-reserva-tinto-2017","status":"publish","type":"product","link":"https:\/\/wineporter.pt\/pt\/product\/edds-reserva-tinto-2017\/","title":{"rendered":"Edds Private Collection Tinto 2017"},"content":{"rendered":"","protected":false},"excerpt":{"rendered":"<p>Com as castas Touriga Nacional e Syrah, este Private Collection o primeiro na gama dos tintos apresenta uma cor violeta ruby onde predominam aromas de frutos pretos com notas de violetas, fresco e cremoso.<br \/>Colhido manualmente com 30 dias de fermenta\u00e7\u00e3o 18 meses de est\u00e1gio em barrica de Carvalho Franc\u00eas.<\/p>","protected":false},"featured_media":1628,"comment_status":"open","ping_status":"closed","template":"","meta":{"_acf_changed":false},"grape-variety":[],"wine-region":[65],"product_brand":[],"product_cat":[49],"product_tag":[],"class_list":{"0":"post-1550","1":"product","2":"type-product","3":"status-publish","4":"has-post-thumbnail","6":"wine-region-algarve","7":"product_cat-red-wine","9":"first","10":"instock","11":"sale","12":"taxable","13":"shipping-taxable","14":"purchasable","15":"product-type-simple"},"acf":[],"_links":{"self":[{"href":"https:\/\/wineporter.pt\/pt\/wp-json\/wp\/v2\/product\/1550","targetHints":{"allow":["GET"]}}],"collection":[{"href":"https:\/\/wineporter.pt\/pt\/wp-json\/wp\/v2\/product"}],"about":[{"href":"https:\/\/wineporter.pt\/pt\/wp-json\/wp\/v2\/types\/product"}],"replies":[{"embeddable":true,"href":"https:\/\/wineporter.pt\/pt\/wp-json\/wp\/v2\/comments?post=1550"}],"wp:featuredmedia":[{"embeddable":true,"href":"https:\/\/wineporter.pt\/pt\/wp-json\/wp\/v2\/media\/1628"}],"wp:attachment":[{"href":"https:\/\/wineporter.pt\/pt\/wp-json\/wp\/v2\/media?parent=1550"}],"wp:term":[{"taxonomy":"grape-variety","embeddable":true,"href":"https:\/\/wineporter.pt\/pt\/wp-json\/wp\/v2\/grape-variety?post=1550"},{"taxonomy":"wine-region","embeddable":true,"href":"https:\/\/wineporter.pt\/pt\/wp-json\/wp\/v2\/wine-region?post=1550"},{"taxonomy":"product_brand","embeddable":true,"href":"https:\/\/wineporter.pt\/pt\/wp-json\/wp\/v2\/product_brand?post=1550"},{"taxonomy":"product_cat","embeddable":true,"href":"https:\/\/wineporter.pt\/pt\/wp-json\/wp\/v2\/product_cat?post=1550"},{"taxonomy":"product_tag","embeddable":true,"href":"https:\/\/wineporter.pt\/pt\/wp-json\/wp\/v2\/product_tag?post=1550"}],"curies":[{"name":"wp","href":"https:\/\/api.w.org\/{rel}","templated":true}]}}