{"id":1549,"date":"2025-07-10T13:15:39","date_gmt":"2025-07-10T13:15:39","guid":{"rendered":"https:\/\/wineporter.pt\/edds-grande-reserva-tinto-2018\/"},"modified":"2026-01-21T10:50:31","modified_gmt":"2026-01-21T10:50:31","slug":"edds-grande-reserva-tinto-2018","status":"publish","type":"product","link":"https:\/\/wineporter.pt\/pt\/product\/edds-grande-reserva-tinto-2018\/","title":{"rendered":"Edds Private Collection Tinto 2018"},"content":{"rendered":"","protected":false},"excerpt":{"rendered":"<p>Na continuidade do seguimento do private collection do ano anterior,\u00a0 este 2018\u00a0 tem na mesma a nossa Syrah e a Touriga Nacional como pano de fundo, \u00e9 um vinho refinado e apresenta cor violeta ruby, aroma de frutos pretos, especiaria e notas de violetas terminando com um sabor cremoso e fresco.<br \/>Colhido manualmente com 30 dias de fermenta\u00e7\u00e3o e 9 meses de est\u00e1gio em barrica de Carvalho Franc\u00eas.<\/p>","protected":false},"featured_media":1612,"comment_status":"open","ping_status":"closed","template":"","meta":{"_acf_changed":false},"grape-variety":[161,92],"wine-region":[65],"product_brand":[],"product_cat":[49],"product_tag":[],"class_list":{"0":"post-1549","1":"product","2":"type-product","3":"status-publish","4":"has-post-thumbnail","6":"grape-variety-syrah","7":"grape-variety-touriga-nacional","8":"wine-region-algarve","9":"product_cat-red-wine","11":"first","12":"instock","13":"sale","14":"taxable","15":"shipping-taxable","16":"purchasable","17":"product-type-simple"},"acf":[],"_links":{"self":[{"href":"https:\/\/wineporter.pt\/pt\/wp-json\/wp\/v2\/product\/1549","targetHints":{"allow":["GET"]}}],"collection":[{"href":"https:\/\/wineporter.pt\/pt\/wp-json\/wp\/v2\/product"}],"about":[{"href":"https:\/\/wineporter.pt\/pt\/wp-json\/wp\/v2\/types\/product"}],"replies":[{"embeddable":true,"href":"https:\/\/wineporter.pt\/pt\/wp-json\/wp\/v2\/comments?post=1549"}],"wp:featuredmedia":[{"embeddable":true,"href":"https:\/\/wineporter.pt\/pt\/wp-json\/wp\/v2\/media\/1612"}],"wp:attachment":[{"href":"https:\/\/wineporter.pt\/pt\/wp-json\/wp\/v2\/media?parent=1549"}],"wp:term":[{"taxonomy":"grape-variety","embeddable":true,"href":"https:\/\/wineporter.pt\/pt\/wp-json\/wp\/v2\/grape-variety?post=1549"},{"taxonomy":"wine-region","embeddable":true,"href":"https:\/\/wineporter.pt\/pt\/wp-json\/wp\/v2\/wine-region?post=1549"},{"taxonomy":"product_brand","embeddable":true,"href":"https:\/\/wineporter.pt\/pt\/wp-json\/wp\/v2\/product_brand?post=1549"},{"taxonomy":"product_cat","embeddable":true,"href":"https:\/\/wineporter.pt\/pt\/wp-json\/wp\/v2\/product_cat?post=1549"},{"taxonomy":"product_tag","embeddable":true,"href":"https:\/\/wineporter.pt\/pt\/wp-json\/wp\/v2\/product_tag?post=1549"}],"curies":[{"name":"wp","href":"https:\/\/api.w.org\/{rel}","templated":true}]}}