{"id":1547,"date":"2025-07-10T13:15:39","date_gmt":"2025-07-10T13:15:39","guid":{"rendered":"https:\/\/wineporter.pt\/edds-reserva-tinto-2019\/"},"modified":"2026-01-20T17:12:29","modified_gmt":"2026-01-20T17:12:29","slug":"edds-reserva-tinto-2019","status":"publish","type":"product","link":"https:\/\/wineporter.pt\/pt\/product\/edds-reserva-tinto-2019\/","title":{"rendered":"Edds Reserva Tinto 2019"},"content":{"rendered":"","protected":false},"excerpt":{"rendered":"<p>Com as castas Touriga Nacional e Syrah\u00a0 apresenta cor de cereja preta, aroma de frutos pretos, especiaria e nuances florais, cremoso com taninos firmes e redondos.<br \/>Foi colhido manualmente, e fermentado por leveduras ind\u00edgenas durante 30 dias, com est\u00e1gio durante 15 meses em barrica de carvalho Franc\u00eas. Um best seller muito apreciado pela orginalidade de sabor.<\/p>","protected":false},"featured_media":1661,"comment_status":"open","ping_status":"closed","template":"","meta":{"_acf_changed":false},"grape-variety":[92,161],"wine-region":[65],"product_brand":[],"product_cat":[49],"product_tag":[],"class_list":{"0":"post-1547","1":"product","2":"type-product","3":"status-publish","4":"has-post-thumbnail","6":"grape-variety-touriga-nacional","7":"grape-variety-syrah","8":"wine-region-algarve","9":"product_cat-red-wine","11":"first","12":"instock","13":"sale","14":"taxable","15":"shipping-taxable","16":"purchasable","17":"product-type-simple"},"acf":[],"_links":{"self":[{"href":"https:\/\/wineporter.pt\/pt\/wp-json\/wp\/v2\/product\/1547","targetHints":{"allow":["GET"]}}],"collection":[{"href":"https:\/\/wineporter.pt\/pt\/wp-json\/wp\/v2\/product"}],"about":[{"href":"https:\/\/wineporter.pt\/pt\/wp-json\/wp\/v2\/types\/product"}],"replies":[{"embeddable":true,"href":"https:\/\/wineporter.pt\/pt\/wp-json\/wp\/v2\/comments?post=1547"}],"wp:featuredmedia":[{"embeddable":true,"href":"https:\/\/wineporter.pt\/pt\/wp-json\/wp\/v2\/media\/1661"}],"wp:attachment":[{"href":"https:\/\/wineporter.pt\/pt\/wp-json\/wp\/v2\/media?parent=1547"}],"wp:term":[{"taxonomy":"grape-variety","embeddable":true,"href":"https:\/\/wineporter.pt\/pt\/wp-json\/wp\/v2\/grape-variety?post=1547"},{"taxonomy":"wine-region","embeddable":true,"href":"https:\/\/wineporter.pt\/pt\/wp-json\/wp\/v2\/wine-region?post=1547"},{"taxonomy":"product_brand","embeddable":true,"href":"https:\/\/wineporter.pt\/pt\/wp-json\/wp\/v2\/product_brand?post=1547"},{"taxonomy":"product_cat","embeddable":true,"href":"https:\/\/wineporter.pt\/pt\/wp-json\/wp\/v2\/product_cat?post=1547"},{"taxonomy":"product_tag","embeddable":true,"href":"https:\/\/wineporter.pt\/pt\/wp-json\/wp\/v2\/product_tag?post=1547"}],"curies":[{"name":"wp","href":"https:\/\/api.w.org\/{rel}","templated":true}]}}