{"id":1491,"date":"2025-05-14T11:08:44","date_gmt":"2025-05-14T11:08:44","guid":{"rendered":"https:\/\/wineporter.pt\/?post_type=product&#038;p=1491"},"modified":"2025-08-02T10:27:08","modified_gmt":"2025-08-02T10:27:08","slug":"magnum-mg-xxi-15l","status":"publish","type":"product","link":"https:\/\/wineporter.pt\/pt\/product\/magnum-mg-xxi-15l\/","title":{"rendered":"Magnum MG XXI 1,5L"},"content":{"rendered":"","protected":false},"excerpt":{"rendered":"<p>Cor profunda, com laivos violeta. Aroma complexo e intenso, onde se destacam os frutos negros maduros em conjunto com aromas bals\u00e2micos e notas de especiarias provenientes do est\u00e1gio em barrica. Na boca \u00e9 firme e concentrado, com acidez equilibrada, possui taninos maduros bem envolvidos no seu corpo e volume. Final de boca longo e persistente. Combina na perfei\u00e7\u00e3o com boas carnes, ca\u00e7a e queijos de car\u00e1cter e intensos. Abrir uma hora antes de servir. Servir \u00e0 temperatura de 16\u00b0C a 18 \u00baC.<\/p>","protected":false},"featured_media":1500,"comment_status":"open","ping_status":"closed","template":"","meta":{"_acf_changed":false},"grape-variety":[92,130,102],"wine-region":[57],"product_brand":[],"product_cat":[49],"product_tag":[],"class_list":{"0":"post-1491","1":"product","2":"type-product","3":"status-publish","4":"has-post-thumbnail","6":"grape-variety-touriga-nacional","7":"grape-variety-sousao","8":"grape-variety-tinto-cao","9":"wine-region-douro","10":"product_cat-red-wine","12":"first","13":"instock","14":"taxable","15":"shipping-taxable","16":"purchasable","17":"product-type-simple"},"acf":[],"_links":{"self":[{"href":"https:\/\/wineporter.pt\/pt\/wp-json\/wp\/v2\/product\/1491","targetHints":{"allow":["GET"]}}],"collection":[{"href":"https:\/\/wineporter.pt\/pt\/wp-json\/wp\/v2\/product"}],"about":[{"href":"https:\/\/wineporter.pt\/pt\/wp-json\/wp\/v2\/types\/product"}],"replies":[{"embeddable":true,"href":"https:\/\/wineporter.pt\/pt\/wp-json\/wp\/v2\/comments?post=1491"}],"wp:featuredmedia":[{"embeddable":true,"href":"https:\/\/wineporter.pt\/pt\/wp-json\/wp\/v2\/media\/1500"}],"wp:attachment":[{"href":"https:\/\/wineporter.pt\/pt\/wp-json\/wp\/v2\/media?parent=1491"}],"wp:term":[{"taxonomy":"grape-variety","embeddable":true,"href":"https:\/\/wineporter.pt\/pt\/wp-json\/wp\/v2\/grape-variety?post=1491"},{"taxonomy":"wine-region","embeddable":true,"href":"https:\/\/wineporter.pt\/pt\/wp-json\/wp\/v2\/wine-region?post=1491"},{"taxonomy":"product_brand","embeddable":true,"href":"https:\/\/wineporter.pt\/pt\/wp-json\/wp\/v2\/product_brand?post=1491"},{"taxonomy":"product_cat","embeddable":true,"href":"https:\/\/wineporter.pt\/pt\/wp-json\/wp\/v2\/product_cat?post=1491"},{"taxonomy":"product_tag","embeddable":true,"href":"https:\/\/wineporter.pt\/pt\/wp-json\/wp\/v2\/product_tag?post=1491"}],"curies":[{"name":"wp","href":"https:\/\/api.w.org\/{rel}","templated":true}]}}