{"id":1430,"date":"2025-03-26T15:55:16","date_gmt":"2025-03-26T15:55:16","guid":{"rendered":"https:\/\/wineporter.pt\/?post_type=product&#038;p=1430"},"modified":"2025-08-02T10:28:29","modified_gmt":"2025-08-02T10:28:29","slug":"consorte-garrafeira","status":"publish","type":"product","link":"https:\/\/wineporter.pt\/pt\/product\/consorte-garrafeira\/","title":{"rendered":"Consorte Garrafeira"},"content":{"rendered":"","protected":false},"excerpt":{"rendered":"<p><span data-sheets-root=\"1\"><strong>Vinifica\u00e7\u00e3o<\/strong>: Desengace dos bagos, seguido de prensagem numa prensa de vara do s\u00e9c. XIX. Decanta\u00e7\u00e3o est\u00e1tica. Fermenta\u00e7\u00e3o apenas com leveduras ind\u00edgenas, em barricas usadas de carvalho franc\u00eas, sem controlo de temperatura. <\/span><\/p>\n<p><span data-sheets-root=\"1\">Ap\u00f3s a fermenta\u00e7\u00e3o, seguiu-se um est\u00e1gio sobre borras finas, nas mesmas barricas, durante cerca de 28 meses, com batonnage. Suave filtra\u00e7\u00e3o e engarrafamento no dia 14 de abril de 2023, tendo em conta o calend\u00e1rio biodin\u00e2mico. O vinho estagiou posteriormente 20 meses em garrafa antes do seu lan\u00e7amento.<\/span><\/p>","protected":false},"featured_media":1431,"comment_status":"open","ping_status":"closed","template":"","meta":{"_acf_changed":false},"grape-variety":[53],"wine-region":[55],"product_brand":[],"product_cat":[54],"product_tag":[],"class_list":{"0":"post-1430","1":"product","2":"type-product","3":"status-publish","4":"has-post-thumbnail","6":"grape-variety-arinto","7":"wine-region-vinho-verde","8":"product_cat-white-wine","10":"first","11":"instock","12":"taxable","13":"shipping-taxable","14":"purchasable","15":"product-type-simple"},"acf":[],"_links":{"self":[{"href":"https:\/\/wineporter.pt\/pt\/wp-json\/wp\/v2\/product\/1430","targetHints":{"allow":["GET"]}}],"collection":[{"href":"https:\/\/wineporter.pt\/pt\/wp-json\/wp\/v2\/product"}],"about":[{"href":"https:\/\/wineporter.pt\/pt\/wp-json\/wp\/v2\/types\/product"}],"replies":[{"embeddable":true,"href":"https:\/\/wineporter.pt\/pt\/wp-json\/wp\/v2\/comments?post=1430"}],"wp:featuredmedia":[{"embeddable":true,"href":"https:\/\/wineporter.pt\/pt\/wp-json\/wp\/v2\/media\/1431"}],"wp:attachment":[{"href":"https:\/\/wineporter.pt\/pt\/wp-json\/wp\/v2\/media?parent=1430"}],"wp:term":[{"taxonomy":"grape-variety","embeddable":true,"href":"https:\/\/wineporter.pt\/pt\/wp-json\/wp\/v2\/grape-variety?post=1430"},{"taxonomy":"wine-region","embeddable":true,"href":"https:\/\/wineporter.pt\/pt\/wp-json\/wp\/v2\/wine-region?post=1430"},{"taxonomy":"product_brand","embeddable":true,"href":"https:\/\/wineporter.pt\/pt\/wp-json\/wp\/v2\/product_brand?post=1430"},{"taxonomy":"product_cat","embeddable":true,"href":"https:\/\/wineporter.pt\/pt\/wp-json\/wp\/v2\/product_cat?post=1430"},{"taxonomy":"product_tag","embeddable":true,"href":"https:\/\/wineporter.pt\/pt\/wp-json\/wp\/v2\/product_tag?post=1430"}],"curies":[{"name":"wp","href":"https:\/\/api.w.org\/{rel}","templated":true}]}}