{"id":1381,"date":"2025-03-12T15:05:18","date_gmt":"2025-03-12T15:05:18","guid":{"rendered":"https:\/\/wineporter.pt\/vinho-tinto-colheita-2021\/"},"modified":"2025-08-02T10:29:09","modified_gmt":"2025-08-02T10:29:09","slug":"vinho-tinto-colheita-2021","status":"publish","type":"product","link":"https:\/\/wineporter.pt\/pt\/product\/vinho-tinto-colheita-2021\/","title":{"rendered":"Vinho Tinto Colheita 2021"},"content":{"rendered":"","protected":false},"excerpt":{"rendered":"<p>O Vinho Tinto Colheita 2021 \u00e9 um tributo \u00e0 generosidade da natureza e ao terroir do Douro. Feito com uvas selecionadas da nossa quinta, deve ser apreciado a uma temperatura 16-18\u00baC para revelar toda a sua complexidade e estrutura. Sabor rico em frutas, com profundidade e uma boa estrutura de taninos, \u00e9 um vinho ideal para acompanhar pratos de carne e massas. Experimente este vinho de produ\u00e7\u00e3o limitada e sinta a tradi\u00e7\u00e3o em cada gole.<\/p>","protected":false},"featured_media":1398,"comment_status":"open","ping_status":"closed","template":"","meta":{"_acf_changed":false},"grape-variety":[],"wine-region":[57],"product_brand":[],"product_cat":[49],"product_tag":[],"class_list":{"0":"post-1381","1":"product","2":"type-product","3":"status-publish","4":"has-post-thumbnail","6":"wine-region-douro","7":"product_cat-red-wine","9":"first","10":"instock","11":"taxable","12":"shipping-taxable","13":"purchasable","14":"product-type-simple"},"acf":[],"_links":{"self":[{"href":"https:\/\/wineporter.pt\/pt\/wp-json\/wp\/v2\/product\/1381","targetHints":{"allow":["GET"]}}],"collection":[{"href":"https:\/\/wineporter.pt\/pt\/wp-json\/wp\/v2\/product"}],"about":[{"href":"https:\/\/wineporter.pt\/pt\/wp-json\/wp\/v2\/types\/product"}],"replies":[{"embeddable":true,"href":"https:\/\/wineporter.pt\/pt\/wp-json\/wp\/v2\/comments?post=1381"}],"wp:featuredmedia":[{"embeddable":true,"href":"https:\/\/wineporter.pt\/pt\/wp-json\/wp\/v2\/media\/1398"}],"wp:attachment":[{"href":"https:\/\/wineporter.pt\/pt\/wp-json\/wp\/v2\/media?parent=1381"}],"wp:term":[{"taxonomy":"grape-variety","embeddable":true,"href":"https:\/\/wineporter.pt\/pt\/wp-json\/wp\/v2\/grape-variety?post=1381"},{"taxonomy":"wine-region","embeddable":true,"href":"https:\/\/wineporter.pt\/pt\/wp-json\/wp\/v2\/wine-region?post=1381"},{"taxonomy":"product_brand","embeddable":true,"href":"https:\/\/wineporter.pt\/pt\/wp-json\/wp\/v2\/product_brand?post=1381"},{"taxonomy":"product_cat","embeddable":true,"href":"https:\/\/wineporter.pt\/pt\/wp-json\/wp\/v2\/product_cat?post=1381"},{"taxonomy":"product_tag","embeddable":true,"href":"https:\/\/wineporter.pt\/pt\/wp-json\/wp\/v2\/product_tag?post=1381"}],"curies":[{"name":"wp","href":"https:\/\/api.w.org\/{rel}","templated":true}]}}