{"id":1378,"date":"2025-03-12T15:05:17","date_gmt":"2025-03-12T15:05:17","guid":{"rendered":"https:\/\/wineporter.pt\/grande-reserva-tinto-2021\/"},"modified":"2025-08-02T09:30:39","modified_gmt":"2025-08-02T09:30:39","slug":"grande-reserva-tinto-2022","status":"publish","type":"product","link":"https:\/\/wineporter.pt\/pt\/product\/grande-reserva-tinto-2022\/","title":{"rendered":"Grande Reserva Tinto 2022"},"content":{"rendered":"","protected":false},"excerpt":{"rendered":"<p>O Vinho Tinto Grande Reserva 2021 \u00e9 a express\u00e3o m\u00e1xima do amor e respeito pela natureza. Produzido com uvas selecionadas da nossa quinta no Douro, este vinho reflete a dedica\u00e7\u00e3o e o carinho que colocamos em cada garrafa. Apresenta um aroma a frutos vermelhos bem maduros. Revela notas de especiarias bem como aromas bals\u00e2micos. Apresenta uma madeira de excelente qualidade muito bem integrada. \u00c9 um vinho de guarda, ideal para momentos especiais e para quem valoriza vinhos de produ\u00e7\u00e3o limitada e alta qualidade.<\/p>","protected":false},"featured_media":1401,"comment_status":"open","ping_status":"closed","template":"","meta":{"_acf_changed":false},"grape-variety":[],"wine-region":[57],"product_brand":[],"product_cat":[49],"product_tag":[],"class_list":{"0":"post-1378","1":"product","2":"type-product","3":"status-publish","4":"has-post-thumbnail","6":"wine-region-douro","7":"product_cat-red-wine","9":"first","10":"instock","11":"taxable","12":"shipping-taxable","13":"purchasable","14":"product-type-simple"},"acf":[],"_links":{"self":[{"href":"https:\/\/wineporter.pt\/pt\/wp-json\/wp\/v2\/product\/1378","targetHints":{"allow":["GET"]}}],"collection":[{"href":"https:\/\/wineporter.pt\/pt\/wp-json\/wp\/v2\/product"}],"about":[{"href":"https:\/\/wineporter.pt\/pt\/wp-json\/wp\/v2\/types\/product"}],"replies":[{"embeddable":true,"href":"https:\/\/wineporter.pt\/pt\/wp-json\/wp\/v2\/comments?post=1378"}],"wp:featuredmedia":[{"embeddable":true,"href":"https:\/\/wineporter.pt\/pt\/wp-json\/wp\/v2\/media\/1401"}],"wp:attachment":[{"href":"https:\/\/wineporter.pt\/pt\/wp-json\/wp\/v2\/media?parent=1378"}],"wp:term":[{"taxonomy":"grape-variety","embeddable":true,"href":"https:\/\/wineporter.pt\/pt\/wp-json\/wp\/v2\/grape-variety?post=1378"},{"taxonomy":"wine-region","embeddable":true,"href":"https:\/\/wineporter.pt\/pt\/wp-json\/wp\/v2\/wine-region?post=1378"},{"taxonomy":"product_brand","embeddable":true,"href":"https:\/\/wineporter.pt\/pt\/wp-json\/wp\/v2\/product_brand?post=1378"},{"taxonomy":"product_cat","embeddable":true,"href":"https:\/\/wineporter.pt\/pt\/wp-json\/wp\/v2\/product_cat?post=1378"},{"taxonomy":"product_tag","embeddable":true,"href":"https:\/\/wineporter.pt\/pt\/wp-json\/wp\/v2\/product_tag?post=1378"}],"curies":[{"name":"wp","href":"https:\/\/api.w.org\/{rel}","templated":true}]}}