{"id":1260,"date":"2025-02-19T15:26:13","date_gmt":"2025-02-19T15:26:13","guid":{"rendered":"https:\/\/wineporter.pt\/menina-duva-urc-2023\/"},"modified":"2025-08-02T10:31:54","modified_gmt":"2025-08-02T10:31:54","slug":"menina-duva-urc-2023","status":"publish","type":"product","link":"https:\/\/wineporter.pt\/pt\/product\/menina-duva-urc-2023\/","title":{"rendered":"Menina D&#8217;Uva Ur\u00e7"},"content":{"rendered":"","protected":false},"excerpt":{"rendered":"<p class=\"font_8 wixui-rich-text__text\"><span class=\"color_15 wixui-rich-text__text\">Vinho tinto de uvas brancas e tintas (60%-40%), de diferentes parcelas entre 60 a 80 anos. Vinho com uma grande diversidade de castas, cultivadas em solos de argila.<\/span><\/p>\n<p class=\"font_8 wixui-rich-text__text\"><span class=\"color_15 wixui-rich-text__text\"><br class=\"wixui-rich-text__text\" \/><strong><span class=\"wixui-rich-text__text\">Castas<\/span><\/strong><\/span><\/p>\n<p class=\"font_8 wixui-rich-text__text\"><span class=\"color_15 wixui-rich-text__text\">Mistura de mais de 15 variedades aut\u00f3ctones. Principalmente Tinta Gorda, Malvasia, Bastardo Preta e Branco, Formosa e Verdelho.<\/span><\/p>\n<p class=\"font_8 wixui-rich-text__text\"><span class=\"color_15 wixui-rich-text__text\"><br class=\"wixui-rich-text__text\" \/><strong><span class=\"wixui-rich-text__text\">Vinifica\u00e7\u00e3o<\/span><\/strong><\/span><\/p>\n<p class=\"font_8 wixui-rich-text__text\"><span class=\"color_15 wixui-rich-text__text\">As uvas tintas e brancas foram co-fermentadas. Macera\u00e7\u00e3o curta de 5 dias de cacho inteiro, seguido por pise a p\u00e9 e remontagem suave. Prensagem antes do fim da fermenta\u00e7\u00e3o.<\/span><\/p>","protected":false},"featured_media":1282,"comment_status":"open","ping_status":"closed","template":"","meta":{"_acf_changed":false},"grape-variety":[118,117,81,116],"wine-region":[56],"product_brand":[],"product_cat":[49],"product_tag":[],"class_list":{"0":"post-1260","1":"product","2":"type-product","3":"status-publish","4":"has-post-thumbnail","6":"grape-variety-bastardo-branco","7":"grape-variety-bastardo-preta","8":"grape-variety-malvasia-fina","9":"grape-variety-tinta-gorda","10":"wine-region-tras-os-montes","11":"product_cat-red-wine","13":"first","14":"instock","15":"taxable","16":"shipping-taxable","17":"purchasable","18":"product-type-simple"},"acf":[],"_links":{"self":[{"href":"https:\/\/wineporter.pt\/pt\/wp-json\/wp\/v2\/product\/1260","targetHints":{"allow":["GET"]}}],"collection":[{"href":"https:\/\/wineporter.pt\/pt\/wp-json\/wp\/v2\/product"}],"about":[{"href":"https:\/\/wineporter.pt\/pt\/wp-json\/wp\/v2\/types\/product"}],"replies":[{"embeddable":true,"href":"https:\/\/wineporter.pt\/pt\/wp-json\/wp\/v2\/comments?post=1260"}],"wp:featuredmedia":[{"embeddable":true,"href":"https:\/\/wineporter.pt\/pt\/wp-json\/wp\/v2\/media\/1282"}],"wp:attachment":[{"href":"https:\/\/wineporter.pt\/pt\/wp-json\/wp\/v2\/media?parent=1260"}],"wp:term":[{"taxonomy":"grape-variety","embeddable":true,"href":"https:\/\/wineporter.pt\/pt\/wp-json\/wp\/v2\/grape-variety?post=1260"},{"taxonomy":"wine-region","embeddable":true,"href":"https:\/\/wineporter.pt\/pt\/wp-json\/wp\/v2\/wine-region?post=1260"},{"taxonomy":"product_brand","embeddable":true,"href":"https:\/\/wineporter.pt\/pt\/wp-json\/wp\/v2\/product_brand?post=1260"},{"taxonomy":"product_cat","embeddable":true,"href":"https:\/\/wineporter.pt\/pt\/wp-json\/wp\/v2\/product_cat?post=1260"},{"taxonomy":"product_tag","embeddable":true,"href":"https:\/\/wineporter.pt\/pt\/wp-json\/wp\/v2\/product_tag?post=1260"}],"curies":[{"name":"wp","href":"https:\/\/api.w.org\/{rel}","templated":true}]}}