{"id":1248,"date":"2025-02-19T15:26:10","date_gmt":"2025-02-19T15:26:10","guid":{"rendered":"https:\/\/wineporter.pt\/ribeiro-santo-grande-escolha-2\/"},"modified":"2025-08-02T10:37:36","modified_gmt":"2025-08-02T10:37:36","slug":"ribeiro-santo-grande-escolha-2","status":"publish","type":"product","link":"https:\/\/wineporter.pt\/pt\/product\/ribeiro-santo-grande-escolha-2\/","title":{"rendered":"Ribeiro Santo Grande Escolha"},"content":{"rendered":"","protected":false},"excerpt":{"rendered":"<p><strong>Nota de Prova<\/strong><\/p>\n<p>Aroma intenso, pleno de notas de especiaria e fruto silvestre. Apontamentos da tosta da barrica. Complexo, com excelente frescura, muito car\u00e1cter e eleg\u00e2ncia. Acompanha na perfei\u00e7\u00e3o com confit de pato, foie gras, vitela assada no forno, cabrito assado e enchidos.<br \/>\n.<\/p>","protected":false},"featured_media":1318,"comment_status":"open","ping_status":"closed","template":"","meta":{"_acf_changed":false},"grape-variety":[94,125,102,92],"wine-region":[59],"product_brand":[],"product_cat":[54],"product_tag":[],"class_list":{"0":"post-1248","1":"product","2":"type-product","3":"status-publish","4":"has-post-thumbnail","6":"grape-variety-alfrocheiro","7":"grape-variety-tinta-roriz","8":"grape-variety-tinto-cao","9":"grape-variety-touriga-nacional","10":"wine-region-dao-and-lafoes","11":"product_cat-white-wine","13":"first","14":"instock","15":"taxable","16":"shipping-taxable","17":"product-type-simple"},"acf":[],"_links":{"self":[{"href":"https:\/\/wineporter.pt\/pt\/wp-json\/wp\/v2\/product\/1248","targetHints":{"allow":["GET"]}}],"collection":[{"href":"https:\/\/wineporter.pt\/pt\/wp-json\/wp\/v2\/product"}],"about":[{"href":"https:\/\/wineporter.pt\/pt\/wp-json\/wp\/v2\/types\/product"}],"replies":[{"embeddable":true,"href":"https:\/\/wineporter.pt\/pt\/wp-json\/wp\/v2\/comments?post=1248"}],"wp:featuredmedia":[{"embeddable":true,"href":"https:\/\/wineporter.pt\/pt\/wp-json\/wp\/v2\/media\/1318"}],"wp:attachment":[{"href":"https:\/\/wineporter.pt\/pt\/wp-json\/wp\/v2\/media?parent=1248"}],"wp:term":[{"taxonomy":"grape-variety","embeddable":true,"href":"https:\/\/wineporter.pt\/pt\/wp-json\/wp\/v2\/grape-variety?post=1248"},{"taxonomy":"wine-region","embeddable":true,"href":"https:\/\/wineporter.pt\/pt\/wp-json\/wp\/v2\/wine-region?post=1248"},{"taxonomy":"product_brand","embeddable":true,"href":"https:\/\/wineporter.pt\/pt\/wp-json\/wp\/v2\/product_brand?post=1248"},{"taxonomy":"product_cat","embeddable":true,"href":"https:\/\/wineporter.pt\/pt\/wp-json\/wp\/v2\/product_cat?post=1248"},{"taxonomy":"product_tag","embeddable":true,"href":"https:\/\/wineporter.pt\/pt\/wp-json\/wp\/v2\/product_tag?post=1248"}],"curies":[{"name":"wp","href":"https:\/\/api.w.org\/{rel}","templated":true}]}}