{"id":1247,"date":"2025-02-19T15:26:10","date_gmt":"2025-02-19T15:26:10","guid":{"rendered":"https:\/\/wineporter.pt\/ribeiro-santo-tinto\/"},"modified":"2025-08-02T10:37:49","modified_gmt":"2025-08-02T10:37:49","slug":"ribeiro-santo-tinto","status":"publish","type":"product","link":"https:\/\/wineporter.pt\/pt\/product\/ribeiro-santo-tinto\/","title":{"rendered":"Ribeiro Santo Tinto"},"content":{"rendered":"","protected":false},"excerpt":{"rendered":"<p>Nota de Prova<\/p>\n<p>Cor rubi de m\u00e9dia concentra\u00e7\u00e3o. Aroma de frutos vermelhos e algumas especiarias, como pimenta preta. Um vinho fresco e jovem, fiel \u00e0 regi\u00e3o, com estrutura e fim de boca expressivo. Um vinho vers\u00e1til, f\u00e1cil de beber em qualquer ocasi\u00e3o.<\/p>\n<p>Combina na perfei\u00e7\u00e3o com carne assada, pratos com frutos secos, cogumelos e queijos suaves.<\/p>","protected":false},"featured_media":1338,"comment_status":"open","ping_status":"closed","template":"","meta":{"_acf_changed":false},"grape-variety":[94,125,92],"wine-region":[59],"product_brand":[],"product_cat":[49],"product_tag":[],"class_list":{"0":"post-1247","1":"product","2":"type-product","3":"status-publish","4":"has-post-thumbnail","6":"grape-variety-alfrocheiro","7":"grape-variety-tinta-roriz","8":"grape-variety-touriga-nacional","9":"wine-region-dao-and-lafoes","10":"product_cat-red-wine","12":"first","13":"instock","14":"taxable","15":"shipping-taxable","16":"purchasable","17":"product-type-simple"},"acf":[],"_links":{"self":[{"href":"https:\/\/wineporter.pt\/pt\/wp-json\/wp\/v2\/product\/1247","targetHints":{"allow":["GET"]}}],"collection":[{"href":"https:\/\/wineporter.pt\/pt\/wp-json\/wp\/v2\/product"}],"about":[{"href":"https:\/\/wineporter.pt\/pt\/wp-json\/wp\/v2\/types\/product"}],"replies":[{"embeddable":true,"href":"https:\/\/wineporter.pt\/pt\/wp-json\/wp\/v2\/comments?post=1247"}],"wp:featuredmedia":[{"embeddable":true,"href":"https:\/\/wineporter.pt\/pt\/wp-json\/wp\/v2\/media\/1338"}],"wp:attachment":[{"href":"https:\/\/wineporter.pt\/pt\/wp-json\/wp\/v2\/media?parent=1247"}],"wp:term":[{"taxonomy":"grape-variety","embeddable":true,"href":"https:\/\/wineporter.pt\/pt\/wp-json\/wp\/v2\/grape-variety?post=1247"},{"taxonomy":"wine-region","embeddable":true,"href":"https:\/\/wineporter.pt\/pt\/wp-json\/wp\/v2\/wine-region?post=1247"},{"taxonomy":"product_brand","embeddable":true,"href":"https:\/\/wineporter.pt\/pt\/wp-json\/wp\/v2\/product_brand?post=1247"},{"taxonomy":"product_cat","embeddable":true,"href":"https:\/\/wineporter.pt\/pt\/wp-json\/wp\/v2\/product_cat?post=1247"},{"taxonomy":"product_tag","embeddable":true,"href":"https:\/\/wineporter.pt\/pt\/wp-json\/wp\/v2\/product_tag?post=1247"}],"curies":[{"name":"wp","href":"https:\/\/api.w.org\/{rel}","templated":true}]}}