{"id":1246,"date":"2025-02-19T15:26:09","date_gmt":"2025-02-19T15:26:09","guid":{"rendered":"https:\/\/wineporter.pt\/ribeiro-santo-sparkling-espumante-bruto-sem-fundo\/"},"modified":"2025-03-28T15:06:08","modified_gmt":"2025-03-28T15:06:08","slug":"ribeiro-santo-sparkling-espumante-bruto-sem-fundo","status":"publish","type":"product","link":"https:\/\/wineporter.pt\/pt\/product\/ribeiro-santo-sparkling-espumante-bruto-sem-fundo\/","title":{"rendered":"Ribeiro Santo Sparkling &#8211; Espumante Bruto"},"content":{"rendered":"","protected":false},"excerpt":{"rendered":"<p><strong>Nota de Prova<\/strong><\/p>\n<p>Cor palha clara, aromas de ma\u00e7\u00e3 verde e frutos tropicais. Tem uma acidez citrina, bolha fina e elegante. Na boca tem boa acidez, \u00e9 fresco e crocante.<\/p>","protected":false},"featured_media":1320,"comment_status":"open","ping_status":"closed","template":"","meta":{"_acf_changed":false},"grape-variety":[53,77],"wine-region":[59],"product_brand":[],"product_cat":[69],"product_tag":[],"class_list":{"0":"post-1246","1":"product","2":"type-product","3":"status-publish","4":"has-post-thumbnail","6":"grape-variety-arinto","7":"grape-variety-bical","8":"wine-region-dao-and-lafoes","9":"product_cat-sparkling-wine","11":"first","12":"instock","13":"taxable","14":"shipping-taxable","15":"product-type-simple"},"acf":[],"_links":{"self":[{"href":"https:\/\/wineporter.pt\/pt\/wp-json\/wp\/v2\/product\/1246","targetHints":{"allow":["GET"]}}],"collection":[{"href":"https:\/\/wineporter.pt\/pt\/wp-json\/wp\/v2\/product"}],"about":[{"href":"https:\/\/wineporter.pt\/pt\/wp-json\/wp\/v2\/types\/product"}],"replies":[{"embeddable":true,"href":"https:\/\/wineporter.pt\/pt\/wp-json\/wp\/v2\/comments?post=1246"}],"wp:featuredmedia":[{"embeddable":true,"href":"https:\/\/wineporter.pt\/pt\/wp-json\/wp\/v2\/media\/1320"}],"wp:attachment":[{"href":"https:\/\/wineporter.pt\/pt\/wp-json\/wp\/v2\/media?parent=1246"}],"wp:term":[{"taxonomy":"grape-variety","embeddable":true,"href":"https:\/\/wineporter.pt\/pt\/wp-json\/wp\/v2\/grape-variety?post=1246"},{"taxonomy":"wine-region","embeddable":true,"href":"https:\/\/wineporter.pt\/pt\/wp-json\/wp\/v2\/wine-region?post=1246"},{"taxonomy":"product_brand","embeddable":true,"href":"https:\/\/wineporter.pt\/pt\/wp-json\/wp\/v2\/product_brand?post=1246"},{"taxonomy":"product_cat","embeddable":true,"href":"https:\/\/wineporter.pt\/pt\/wp-json\/wp\/v2\/product_cat?post=1246"},{"taxonomy":"product_tag","embeddable":true,"href":"https:\/\/wineporter.pt\/pt\/wp-json\/wp\/v2\/product_tag?post=1246"}],"curies":[{"name":"wp","href":"https:\/\/api.w.org\/{rel}","templated":true}]}}