{"id":1245,"date":"2025-02-19T15:26:09","date_gmt":"2025-02-19T15:26:09","guid":{"rendered":"https:\/\/wineporter.pt\/ribeiro-santo-rose\/"},"modified":"2025-08-02T10:38:07","modified_gmt":"2025-08-02T10:38:07","slug":"ribeiro-santo-rose","status":"publish","type":"product","link":"https:\/\/wineporter.pt\/pt\/product\/ribeiro-santo-rose\/","title":{"rendered":"Ribeiro Santo Ros\u00e9"},"content":{"rendered":"","protected":false},"excerpt":{"rendered":"<p><strong>Nota de Prova<\/strong><\/p>\n<p>De cor salm\u00e3o clara, este vinho apresenta um aroma delicado e fino a frutos vermelhos, flores brancas e uma frescura aliada \u00e0 acidez vibrante do terroir gran\u00edtico do D\u00e3o. Mineral e com profundidade, \u00e9 um ros\u00e9 com alguma estrutura e um fim de boca redondo e equilibrado.<\/p>","protected":false},"featured_media":1319,"comment_status":"open","ping_status":"closed","template":"","meta":{"_acf_changed":false},"grape-variety":[128,125,92],"wine-region":[59],"product_brand":[],"product_cat":[68],"product_tag":[],"class_list":{"0":"post-1245","1":"product","2":"type-product","3":"status-publish","4":"has-post-thumbnail","6":"grape-variety-tinta-pinheira","7":"grape-variety-tinta-roriz","8":"grape-variety-touriga-nacional","9":"wine-region-dao-and-lafoes","10":"product_cat-rose-wine","12":"first","13":"instock","14":"taxable","15":"shipping-taxable","16":"product-type-simple"},"acf":[],"_links":{"self":[{"href":"https:\/\/wineporter.pt\/pt\/wp-json\/wp\/v2\/product\/1245","targetHints":{"allow":["GET"]}}],"collection":[{"href":"https:\/\/wineporter.pt\/pt\/wp-json\/wp\/v2\/product"}],"about":[{"href":"https:\/\/wineporter.pt\/pt\/wp-json\/wp\/v2\/types\/product"}],"replies":[{"embeddable":true,"href":"https:\/\/wineporter.pt\/pt\/wp-json\/wp\/v2\/comments?post=1245"}],"wp:featuredmedia":[{"embeddable":true,"href":"https:\/\/wineporter.pt\/pt\/wp-json\/wp\/v2\/media\/1319"}],"wp:attachment":[{"href":"https:\/\/wineporter.pt\/pt\/wp-json\/wp\/v2\/media?parent=1245"}],"wp:term":[{"taxonomy":"grape-variety","embeddable":true,"href":"https:\/\/wineporter.pt\/pt\/wp-json\/wp\/v2\/grape-variety?post=1245"},{"taxonomy":"wine-region","embeddable":true,"href":"https:\/\/wineporter.pt\/pt\/wp-json\/wp\/v2\/wine-region?post=1245"},{"taxonomy":"product_brand","embeddable":true,"href":"https:\/\/wineporter.pt\/pt\/wp-json\/wp\/v2\/product_brand?post=1245"},{"taxonomy":"product_cat","embeddable":true,"href":"https:\/\/wineporter.pt\/pt\/wp-json\/wp\/v2\/product_cat?post=1245"},{"taxonomy":"product_tag","embeddable":true,"href":"https:\/\/wineporter.pt\/pt\/wp-json\/wp\/v2\/product_tag?post=1245"}],"curies":[{"name":"wp","href":"https:\/\/api.w.org\/{rel}","templated":true}]}}