{"id":1241,"date":"2025-02-19T15:26:08","date_gmt":"2025-02-19T15:26:08","guid":{"rendered":"https:\/\/wineporter.pt\/ribeiro-santo-reserva\/"},"modified":"2025-08-02T10:38:53","modified_gmt":"2025-08-02T10:38:53","slug":"ribeiro-santo-reserva","status":"publish","type":"product","link":"https:\/\/wineporter.pt\/pt\/product\/ribeiro-santo-reserva\/","title":{"rendered":"Ribeiro Santo Reserva"},"content":{"rendered":"","protected":false},"excerpt":{"rendered":"<p><strong>Nota de Prova<\/strong><\/p>\n<p>Cor rubi de m\u00e9dia concentra\u00e7\u00e3o. Aroma de fruta preta e algumas especiarias, como pimenta preta. Um vinho fresco e elegante, com estrutura e fim de boca expressivo e com boa persist\u00eancia.<\/p>\n<p>Equil\u00edbrio entre a influ\u00eancia da barrica e a acidez. Combina na perfei\u00e7\u00e3o com carne assada, pratos com frutos secos, cogumelos e queijos suaves<\/p>","protected":false},"featured_media":1339,"comment_status":"open","ping_status":"closed","template":"","meta":{"_acf_changed":false},"grape-variety":[94,125,92],"wine-region":[59],"product_brand":[],"product_cat":[49],"product_tag":[],"class_list":{"0":"post-1241","1":"product","2":"type-product","3":"status-publish","4":"has-post-thumbnail","6":"grape-variety-alfrocheiro","7":"grape-variety-tinta-roriz","8":"grape-variety-touriga-nacional","9":"wine-region-dao-and-lafoes","10":"product_cat-red-wine","12":"first","13":"instock","14":"taxable","15":"shipping-taxable","16":"product-type-simple"},"acf":[],"_links":{"self":[{"href":"https:\/\/wineporter.pt\/pt\/wp-json\/wp\/v2\/product\/1241","targetHints":{"allow":["GET"]}}],"collection":[{"href":"https:\/\/wineporter.pt\/pt\/wp-json\/wp\/v2\/product"}],"about":[{"href":"https:\/\/wineporter.pt\/pt\/wp-json\/wp\/v2\/types\/product"}],"replies":[{"embeddable":true,"href":"https:\/\/wineporter.pt\/pt\/wp-json\/wp\/v2\/comments?post=1241"}],"wp:featuredmedia":[{"embeddable":true,"href":"https:\/\/wineporter.pt\/pt\/wp-json\/wp\/v2\/media\/1339"}],"wp:attachment":[{"href":"https:\/\/wineporter.pt\/pt\/wp-json\/wp\/v2\/media?parent=1241"}],"wp:term":[{"taxonomy":"grape-variety","embeddable":true,"href":"https:\/\/wineporter.pt\/pt\/wp-json\/wp\/v2\/grape-variety?post=1241"},{"taxonomy":"wine-region","embeddable":true,"href":"https:\/\/wineporter.pt\/pt\/wp-json\/wp\/v2\/wine-region?post=1241"},{"taxonomy":"product_brand","embeddable":true,"href":"https:\/\/wineporter.pt\/pt\/wp-json\/wp\/v2\/product_brand?post=1241"},{"taxonomy":"product_cat","embeddable":true,"href":"https:\/\/wineporter.pt\/pt\/wp-json\/wp\/v2\/product_cat?post=1241"},{"taxonomy":"product_tag","embeddable":true,"href":"https:\/\/wineporter.pt\/pt\/wp-json\/wp\/v2\/product_tag?post=1241"}],"curies":[{"name":"wp","href":"https:\/\/api.w.org\/{rel}","templated":true}]}}